{"id":193,"date":"2025-04-23T10:57:09","date_gmt":"2025-04-23T10:57:09","guid":{"rendered":"https:\/\/grupp06.kreativ-kod.se\/?page_id=193"},"modified":"2025-04-28T14:00:20","modified_gmt":"2025-04-28T14:00:20","slug":"case","status":"publish","type":"page","link":"https:\/\/person27.kreativ-kod.se\/index.php\/case\/","title":{"rendered":"case"},"content":{"rendered":"\n<div class=\"wp-block-group has-global-padding is-layout-constrained wp-block-group-is-layout-constrained\"><style style=\"opacity: 0;\" superb-addons-animation=\"fadeIn\">.kb-image193_1d9091-67.kb-image-is-ratio-size, .kb-image193_1d9091-67 .kb-image-is-ratio-size{max-width:380px;width:100%;}.wp-block-kadence-column > .kt-inside-inner-col > .kb-image193_1d9091-67.kb-image-is-ratio-size, .wp-block-kadence-column > .kt-inside-inner-col > .kb-image193_1d9091-67 .kb-image-is-ratio-size{align-self:unset;}.kb-image193_1d9091-67 figure{max-width:380px;}.kb-image193_1d9091-67 .image-is-svg, .kb-image193_1d9091-67 .image-is-svg img{width:100%;}.kb-image193_1d9091-67 .kb-image-has-overlay:after{opacity:0.3;}<\/style>\n<div class=\"wp-block-kadence-image kb-image193_1d9091-67\"><figure class=\"alignleft size-large\"><img loading=\"lazy\" decoding=\"async\" width=\"1024\" height=\"198\" src=\"https:\/\/person27.kreativ-kod.se\/wp-content\/uploads\/2025\/04\/skarmavbild-2025-04-24-kl-191409-1024x198.png\" alt=\"\" class=\"kb-img wp-image-583\" srcset=\"https:\/\/person27.kreativ-kod.se\/wp-content\/uploads\/2025\/04\/skarmavbild-2025-04-24-kl-191409-1024x198.png 1024w, https:\/\/person27.kreativ-kod.se\/wp-content\/uploads\/2025\/04\/skarmavbild-2025-04-24-kl-191409-300x58.png 300w, https:\/\/person27.kreativ-kod.se\/wp-content\/uploads\/2025\/04\/skarmavbild-2025-04-24-kl-191409.png 1064w\" sizes=\"auto, (max-width: 1024px) 100vw, 1024px\" \/><\/figure><\/div>\n\n\n\n<p class=\"has-white-color has-text-color has-link-color wp-elements-e05aa3f080ab67072ce35c827e9c069e\" style=\"font-style:normal;font-weight:200\">nedan finner du ett axplock av v\u00e5ra case, s\u00e5 fram med popcornen, luta dig tillbaka och l\u00e5t dig inspireras &#8211; nu k\u00f6r vi! <\/p>\n\n\n\n<div class=\"wp-block-group alignwide is-layout-flow wp-block-group-is-layout-flow\">\n<div style=\"height:0px\" aria-hidden=\"true\" class=\"wp-block-spacer\"><\/div>\n\n\n\n<div class=\"wp-block-columns is-layout-flex wp-container-core-columns-is-layout-28f84493 wp-block-columns-is-layout-flex\">\n<div class=\"wp-block-column is-style-default is-layout-flow wp-block-column-is-layout-flow\" style=\"border-style:none;border-width:0px;padding-top:0;padding-right:0;padding-bottom:0;padding-left:0\">\n<figure style=\"opacity: 0;\" superb-addons-animation=\"fadeInUp\" class=\"wp-block-image size-full has-custom-border\"><a href=\"https:\/\/person27.kreativ-kod.se\/index.php\/case-glossier\/\"><img loading=\"lazy\" decoding=\"async\" width=\"1224\" height=\"1551\" src=\"https:\/\/person27.kreativ-kod.se\/wp-content\/uploads\/2025\/04\/case-bilder-2.gif\" alt=\"\" class=\"wp-image-544\" style=\"border-radius:20px\"\/><\/a><\/figure>\n<\/div>\n\n\n\n<div class=\"wp-block-column is-style-default is-layout-flow wp-block-column-is-layout-flow\" style=\"border-style:none;border-width:0px;padding-top:0;padding-right:0;padding-bottom:0;padding-left:0\">\n<figure style=\"opacity: 0;\" superb-addons-animation=\"fadeInUp\" class=\"wp-block-image size-full has-custom-border\"><a href=\"https:\/\/person27.kreativ-kod.se\/index.php\/case-aco\/\"><img loading=\"lazy\" decoding=\"async\" width=\"1224\" height=\"1551\" src=\"https:\/\/person27.kreativ-kod.se\/wp-content\/uploads\/2025\/04\/case-bilder-3.gif\" alt=\"\" class=\"wp-image-546\" style=\"border-radius:20px\"\/><\/a><\/figure>\n<\/div>\n\n\n\n<div class=\"wp-block-column is-style-default is-layout-flow wp-block-column-is-layout-flow\" style=\"border-style:none;border-width:0px;padding-top:0;padding-right:0;padding-bottom:0;padding-left:0\">\n<figure style=\"opacity: 0;\" superb-addons-animation=\"fadeInUp\" class=\"wp-block-image size-full has-custom-border\"><a href=\"https:\/\/person27.kreativ-kod.se\/index.php\/case-herb-hub\/\"><img loading=\"lazy\" decoding=\"async\" width=\"1224\" height=\"1551\" src=\"https:\/\/person27.kreativ-kod.se\/wp-content\/uploads\/2025\/04\/case-bilder-4.gif\" alt=\"\" class=\"wp-image-549\" style=\"border-radius:20px\"\/><\/a><\/figure>\n<\/div>\n<\/div>\n\n\n\n<div class=\"wp-block-columns is-layout-flex wp-container-core-columns-is-layout-28f84493 wp-block-columns-is-layout-flex\">\n<div class=\"wp-block-column is-style-default is-layout-flow wp-block-column-is-layout-flow\" style=\"border-style:none;border-width:0px;padding-top:0;padding-right:0;padding-bottom:0;padding-left:0\">\n<figure style=\"opacity: 0;\" superb-addons-animation=\"fadeInUp\" class=\"wp-block-image size-full is-resized has-custom-border\"><a href=\"https:\/\/person27.kreativ-kod.se\/index.php\/case-vitamin-well\/\"><img loading=\"lazy\" decoding=\"async\" width=\"1224\" height=\"1551\" src=\"https:\/\/person27.kreativ-kod.se\/wp-content\/uploads\/2025\/04\/case-bilder-5.gif\" alt=\"\" class=\"wp-image-552\" style=\"border-radius:20px;width:350px;height:auto\"\/><\/a><\/figure>\n<\/div>\n<\/div>\n<\/div>\n<\/div>\n","protected":false},"excerpt":{"rendered":"<p>nedan finner du ett axplock av v\u00e5ra case, s\u00e5 fram med popcornen, luta dig tillbaka och l\u00e5t dig inspireras &#8211; nu k\u00f6r vi!<\/p>\n","protected":false},"author":3,"featured_media":0,"parent":0,"menu_order":0,"comment_status":"closed","ping_status":"closed","template":"","meta":{"footnotes":""},"class_list":["post-193","page","type-page","status-publish","hentry"],"yoast_head":"<!-- This site is optimized with the Yoast SEO plugin v27.6 - https:\/\/yoast.com\/product\/yoast-seo-wordpress\/ -->\n<title>case - manja studio<\/title>\n<meta name=\"robots\" content=\"noindex, follow, max-snippet:-1, max-image-preview:large, max-video-preview:-1\" \/>\n<meta property=\"og:locale\" content=\"sv_SE\" \/>\n<meta property=\"og:type\" content=\"article\" \/>\n<meta property=\"og:title\" content=\"case - manja studio\" \/>\n<meta property=\"og:description\" content=\"nedan finner du ett axplock av v\u00e5ra case, s\u00e5 fram med popcornen, luta dig tillbaka och l\u00e5t dig inspireras &#8211; nu k\u00f6r vi!\" \/>\n<meta property=\"og:url\" content=\"https:\/\/person27.kreativ-kod.se\/index.php\/case\/\" \/>\n<meta property=\"og:site_name\" content=\"manja studio\" \/>\n<meta property=\"article:modified_time\" content=\"2025-04-28T14:00:20+00:00\" \/>\n<meta property=\"og:image\" content=\"https:\/\/person27.kreativ-kod.se\/wp-content\/uploads\/2025\/04\/skarmavbild-2025-04-24-kl-191409.png\" \/>\n\t<meta property=\"og:image:width\" content=\"1064\" \/>\n\t<meta property=\"og:image:height\" content=\"206\" \/>\n\t<meta property=\"og:image:type\" content=\"image\/png\" \/>\n<meta name=\"twitter:card\" content=\"summary_large_image\" \/>\n<meta name=\"twitter:label1\" content=\"Ber\u00e4knad l\u00e4stid\" \/>\n\t<meta name=\"twitter:data1\" content=\"2 minuter\" \/>\n<script type=\"application\/ld+json\" class=\"yoast-schema-graph\">{\"@context\":\"https:\\\/\\\/schema.org\",\"@graph\":[{\"@type\":\"WebPage\",\"@id\":\"https:\\\/\\\/person27.kreativ-kod.se\\\/index.php\\\/case\\\/\",\"url\":\"https:\\\/\\\/person27.kreativ-kod.se\\\/index.php\\\/case\\\/\",\"name\":\"case - manja studio\",\"isPartOf\":{\"@id\":\"https:\\\/\\\/person27.kreativ-kod.se\\\/#website\"},\"primaryImageOfPage\":{\"@id\":\"https:\\\/\\\/person27.kreativ-kod.se\\\/index.php\\\/case\\\/#primaryimage\"},\"image\":{\"@id\":\"https:\\\/\\\/person27.kreativ-kod.se\\\/index.php\\\/case\\\/#primaryimage\"},\"thumbnailUrl\":\"https:\\\/\\\/person27.kreativ-kod.se\\\/wp-content\\\/uploads\\\/2025\\\/04\\\/skarmavbild-2025-04-24-kl-191409-1024x198.png\",\"datePublished\":\"2025-04-23T10:57:09+00:00\",\"dateModified\":\"2025-04-28T14:00:20+00:00\",\"breadcrumb\":{\"@id\":\"https:\\\/\\\/person27.kreativ-kod.se\\\/index.php\\\/case\\\/#breadcrumb\"},\"inLanguage\":\"sv-SE\",\"potentialAction\":[{\"@type\":\"ReadAction\",\"target\":[\"https:\\\/\\\/person27.kreativ-kod.se\\\/index.php\\\/case\\\/\"]}]},{\"@type\":\"ImageObject\",\"inLanguage\":\"sv-SE\",\"@id\":\"https:\\\/\\\/person27.kreativ-kod.se\\\/index.php\\\/case\\\/#primaryimage\",\"url\":\"https:\\\/\\\/person27.kreativ-kod.se\\\/wp-content\\\/uploads\\\/2025\\\/04\\\/skarmavbild-2025-04-24-kl-191409.png\",\"contentUrl\":\"https:\\\/\\\/person27.kreativ-kod.se\\\/wp-content\\\/uploads\\\/2025\\\/04\\\/skarmavbild-2025-04-24-kl-191409.png\",\"width\":1064,\"height\":206},{\"@type\":\"BreadcrumbList\",\"@id\":\"https:\\\/\\\/person27.kreativ-kod.se\\\/index.php\\\/case\\\/#breadcrumb\",\"itemListElement\":[{\"@type\":\"ListItem\",\"position\":1,\"name\":\"Hem\",\"item\":\"https:\\\/\\\/person27.kreativ-kod.se\\\/\"},{\"@type\":\"ListItem\",\"position\":2,\"name\":\"case\"}]},{\"@type\":\"WebSite\",\"@id\":\"https:\\\/\\\/person27.kreativ-kod.se\\\/#website\",\"url\":\"https:\\\/\\\/person27.kreativ-kod.se\\\/\",\"name\":\"manja studio\",\"description\":\"\",\"publisher\":{\"@id\":\"https:\\\/\\\/person27.kreativ-kod.se\\\/#organization\"},\"potentialAction\":[{\"@type\":\"SearchAction\",\"target\":{\"@type\":\"EntryPoint\",\"urlTemplate\":\"https:\\\/\\\/person27.kreativ-kod.se\\\/?s={search_term_string}\"},\"query-input\":{\"@type\":\"PropertyValueSpecification\",\"valueRequired\":true,\"valueName\":\"search_term_string\"}}],\"inLanguage\":\"sv-SE\"},{\"@type\":\"Organization\",\"@id\":\"https:\\\/\\\/person27.kreativ-kod.se\\\/#organization\",\"name\":\"manja studio\",\"url\":\"https:\\\/\\\/person27.kreativ-kod.se\\\/\",\"logo\":{\"@type\":\"ImageObject\",\"inLanguage\":\"sv-SE\",\"@id\":\"https:\\\/\\\/person27.kreativ-kod.se\\\/#\\\/schema\\\/logo\\\/image\\\/\",\"url\":\"https:\\\/\\\/person27.kreativ-kod.se\\\/wp-content\\\/uploads\\\/2025\\\/04\\\/cropped-black-white-bold-modern-studio-logo-6.png\",\"contentUrl\":\"https:\\\/\\\/person27.kreativ-kod.se\\\/wp-content\\\/uploads\\\/2025\\\/04\\\/cropped-black-white-bold-modern-studio-logo-6.png\",\"width\":1563,\"height\":505,\"caption\":\"manja studio\"},\"image\":{\"@id\":\"https:\\\/\\\/person27.kreativ-kod.se\\\/#\\\/schema\\\/logo\\\/image\\\/\"}}]}<\/script>\n<!-- \/ Yoast SEO plugin. -->","yoast_head_json":{"title":"case - manja studio","robots":{"index":"noindex","follow":"follow","max-snippet":"max-snippet:-1","max-image-preview":"max-image-preview:large","max-video-preview":"max-video-preview:-1"},"og_locale":"sv_SE","og_type":"article","og_title":"case - manja studio","og_description":"nedan finner du ett axplock av v\u00e5ra case, s\u00e5 fram med popcornen, luta dig tillbaka och l\u00e5t dig inspireras &#8211; nu k\u00f6r vi!","og_url":"https:\/\/person27.kreativ-kod.se\/index.php\/case\/","og_site_name":"manja studio","article_modified_time":"2025-04-28T14:00:20+00:00","og_image":[{"width":1064,"height":206,"url":"https:\/\/person27.kreativ-kod.se\/wp-content\/uploads\/2025\/04\/skarmavbild-2025-04-24-kl-191409.png","type":"image\/png"}],"twitter_card":"summary_large_image","twitter_misc":{"Ber\u00e4knad l\u00e4stid":"2 minuter"},"schema":{"@context":"https:\/\/schema.org","@graph":[{"@type":"WebPage","@id":"https:\/\/person27.kreativ-kod.se\/index.php\/case\/","url":"https:\/\/person27.kreativ-kod.se\/index.php\/case\/","name":"case - manja studio","isPartOf":{"@id":"https:\/\/person27.kreativ-kod.se\/#website"},"primaryImageOfPage":{"@id":"https:\/\/person27.kreativ-kod.se\/index.php\/case\/#primaryimage"},"image":{"@id":"https:\/\/person27.kreativ-kod.se\/index.php\/case\/#primaryimage"},"thumbnailUrl":"https:\/\/person27.kreativ-kod.se\/wp-content\/uploads\/2025\/04\/skarmavbild-2025-04-24-kl-191409-1024x198.png","datePublished":"2025-04-23T10:57:09+00:00","dateModified":"2025-04-28T14:00:20+00:00","breadcrumb":{"@id":"https:\/\/person27.kreativ-kod.se\/index.php\/case\/#breadcrumb"},"inLanguage":"sv-SE","potentialAction":[{"@type":"ReadAction","target":["https:\/\/person27.kreativ-kod.se\/index.php\/case\/"]}]},{"@type":"ImageObject","inLanguage":"sv-SE","@id":"https:\/\/person27.kreativ-kod.se\/index.php\/case\/#primaryimage","url":"https:\/\/person27.kreativ-kod.se\/wp-content\/uploads\/2025\/04\/skarmavbild-2025-04-24-kl-191409.png","contentUrl":"https:\/\/person27.kreativ-kod.se\/wp-content\/uploads\/2025\/04\/skarmavbild-2025-04-24-kl-191409.png","width":1064,"height":206},{"@type":"BreadcrumbList","@id":"https:\/\/person27.kreativ-kod.se\/index.php\/case\/#breadcrumb","itemListElement":[{"@type":"ListItem","position":1,"name":"Hem","item":"https:\/\/person27.kreativ-kod.se\/"},{"@type":"ListItem","position":2,"name":"case"}]},{"@type":"WebSite","@id":"https:\/\/person27.kreativ-kod.se\/#website","url":"https:\/\/person27.kreativ-kod.se\/","name":"manja studio","description":"","publisher":{"@id":"https:\/\/person27.kreativ-kod.se\/#organization"},"potentialAction":[{"@type":"SearchAction","target":{"@type":"EntryPoint","urlTemplate":"https:\/\/person27.kreativ-kod.se\/?s={search_term_string}"},"query-input":{"@type":"PropertyValueSpecification","valueRequired":true,"valueName":"search_term_string"}}],"inLanguage":"sv-SE"},{"@type":"Organization","@id":"https:\/\/person27.kreativ-kod.se\/#organization","name":"manja studio","url":"https:\/\/person27.kreativ-kod.se\/","logo":{"@type":"ImageObject","inLanguage":"sv-SE","@id":"https:\/\/person27.kreativ-kod.se\/#\/schema\/logo\/image\/","url":"https:\/\/person27.kreativ-kod.se\/wp-content\/uploads\/2025\/04\/cropped-black-white-bold-modern-studio-logo-6.png","contentUrl":"https:\/\/person27.kreativ-kod.se\/wp-content\/uploads\/2025\/04\/cropped-black-white-bold-modern-studio-logo-6.png","width":1563,"height":505,"caption":"manja studio"},"image":{"@id":"https:\/\/person27.kreativ-kod.se\/#\/schema\/logo\/image\/"}}]}},"featured_media_urls":[],"_links":{"self":[{"href":"https:\/\/person27.kreativ-kod.se\/index.php\/wp-json\/wp\/v2\/pages\/193","targetHints":{"allow":["GET"]}}],"collection":[{"href":"https:\/\/person27.kreativ-kod.se\/index.php\/wp-json\/wp\/v2\/pages"}],"about":[{"href":"https:\/\/person27.kreativ-kod.se\/index.php\/wp-json\/wp\/v2\/types\/page"}],"author":[{"embeddable":true,"href":"https:\/\/person27.kreativ-kod.se\/index.php\/wp-json\/wp\/v2\/users\/3"}],"replies":[{"embeddable":true,"href":"https:\/\/person27.kreativ-kod.se\/index.php\/wp-json\/wp\/v2\/comments?post=193"}],"version-history":[{"count":20,"href":"https:\/\/person27.kreativ-kod.se\/index.php\/wp-json\/wp\/v2\/pages\/193\/revisions"}],"predecessor-version":[{"id":1049,"href":"https:\/\/person27.kreativ-kod.se\/index.php\/wp-json\/wp\/v2\/pages\/193\/revisions\/1049"}],"wp:attachment":[{"href":"https:\/\/person27.kreativ-kod.se\/index.php\/wp-json\/wp\/v2\/media?parent=193"}],"curies":[{"name":"wp","href":"https:\/\/api.w.org\/{rel}","templated":true}]}}